{"id":1906,"date":"2023-07-04T09:27:39","date_gmt":"2023-07-04T07:27:39","guid":{"rendered":"https:\/\/reglo.ch\/hinweis\/"},"modified":"2023-08-18T10:27:01","modified_gmt":"2023-08-18T08:27:01","slug":"hinweis","status":"publish","type":"page","link":"https:\/\/reglo.ch\/de\/hinweis\/","title":{"rendered":"Hinweis"},"content":{"rendered":"\t\t<div data-elementor-type=\"wp-page\" data-elementor-id=\"1906\" class=\"elementor elementor-1906 elementor-868\" data-elementor-post-type=\"page\">\n\t\t\t\t<div class=\"elementor-element elementor-element-9173ab8 e-flex e-con-boxed e-con e-parent\" data-id=\"9173ab8\" data-element_type=\"container\" data-e-type=\"container\">\n\t\t\t\t\t<div class=\"e-con-inner\">\n\t\t\t\t<div class=\"elementor-element elementor-element-1951f56 elementor-widget elementor-widget-heading\" data-id=\"1951f56\" data-element_type=\"widget\" data-e-type=\"widget\" data-widget_type=\"heading.default\">\n\t\t\t\t<div class=\"elementor-widget-container\">\n\t\t\t\t\t<h4 class=\"elementor-heading-title elementor-size-default\">Warnung<\/h4>\t\t\t\t<\/div>\n\t\t\t\t<\/div>\n\t\t\t\t\t<\/div>\n\t\t\t\t<\/div>\n\t\t<div class=\"elementor-element elementor-element-9c4afec e-flex e-con-boxed e-con e-parent\" data-id=\"9c4afec\" data-element_type=\"container\" data-e-type=\"container\">\n\t\t\t\t\t<div class=\"e-con-inner\">\n\t\t\t\t<div class=\"elementor-element elementor-element-2b7990c elementor-widget elementor-widget-text-editor\" data-id=\"2b7990c\" data-element_type=\"widget\" data-e-type=\"widget\" data-widget_type=\"text-editor.default\">\n\t\t\t\t<div class=\"elementor-widget-container\">\n\t\t\t\t\t\t\t\t\t<p><span style=\"font-weight: 400;\">Die Dokumente und Daten auf der Plattform Reglo enthalten:<\/span><\/p>\n<ul>\n<li style=\"font-weight: 400;\" aria-level=\"1\"><span style=\"font-weight: 400;\">allgemeine Hinweise zur Bundesgesetzgebung sowie zu Ausf\u00fchrungsgesetzen und Bestimmungen auf kantonaler Ebene;<\/span><\/li>\n<li style=\"font-weight: 400;\" aria-level=\"1\"><span style=\"font-weight: 400;\">praktische Tipps zu allt\u00e4glichen Fragen im Zusammenhang mit den behandelten Themen;<\/span><\/li>\n<li style=\"font-weight: 400;\" aria-level=\"1\"><span style=\"font-weight: 400;\">ein Adressen- und Ressourcenverzeichnis.<\/span><\/li>\n<\/ul>\n<p><span style=\"font-weight: 400;\"><br \/>Die Plattform Reglo ist allgemein gehalten und erhebt keinen Anspruch auf Vollst\u00e4ndigkeit. Sie kann und soll eine pers\u00f6nliche Beratung durch Fachstellen nicht ersetzen.<\/span><\/p>\n<p><span style=\"font-weight: 400;\">Der Staat Wallis und seine Partner bem\u00fchen sich, die Informationen auf dieser Website m\u00f6glichst aktuell zu halten, k\u00f6nnen jedoch nicht garantieren, dass die Inhalte jeweils auf dem neuesten Stand sind.<\/span><\/p>\n<p><span style=\"font-weight: 400;\">Der Staat Wallis und seine Partner lehnen jegliche Haftung f\u00fcr Sch\u00e4den ab, die aufgrund von Ungenauigkeiten, Auslassungen oder anderen Fehlern in diesen Daten auftreten k\u00f6nnen, sowie ganz allgemein f\u00fcr jegliche Sch\u00e4den, insbesondere finanzieller Art, die durch die Nutzung der Plattform Reglo entstehen k\u00f6nnen.<\/span><\/p>\n<p><span style=\"font-weight: 400;\">Alle Verweise oder Links auf Webseiten Dritter dienen lediglich Informationszwecken und sind nicht Teil des Verantwortungsbereichs des Staates Wallis und seiner Partner.<\/span><\/p>\n\t\t\t\t\t\t\t\t<\/div>\n\t\t\t\t<\/div>\n\t\t\t\t\t<\/div>\n\t\t\t\t<\/div>\n\t\t\t\t<\/div>\n\t\t","protected":false},"excerpt":{"rendered":"<p>Warnung Die Dokumente und Daten auf der Plattform Reglo enthalten: allgemeine Hinweise zur Bundesgesetzgebung sowie zu Ausf\u00fchrungsgesetzen und Bestimmungen auf kantonaler Ebene; praktische Tipps zu allt\u00e4glichen Fragen im Zusammenhang mit den behandelten Themen; ein Adressen- und Ressourcenverzeichnis. Die Plattform Reglo ist allgemein gehalten und erhebt keinen Anspruch auf Vollst\u00e4ndigkeit. Sie kann und soll eine pers\u00f6nliche [&hellip;]<\/p>\n","protected":false},"author":1,"featured_media":0,"parent":0,"menu_order":0,"comment_status":"closed","ping_status":"closed","template":"","meta":{"_acf_changed":false,"footnotes":""},"class_list":["post-1906","page","type-page","status-publish","hentry"],"acf":[],"yoast_head":"<!-- This site is optimized with the Yoast SEO plugin v27.4 - https:\/\/yoast.com\/product\/yoast-seo-wordpress\/ -->\n<title>Hinweis | Reglo.ch<\/title>\n<meta name=\"robots\" content=\"index, follow, max-snippet:-1, max-image-preview:large, max-video-preview:-1\" \/>\n<link rel=\"canonical\" href=\"https:\/\/reglo.ch\/de\/hinweis\/\" \/>\n<meta property=\"og:locale\" content=\"de_DE\" \/>\n<meta property=\"og:type\" content=\"article\" \/>\n<meta property=\"og:title\" content=\"Hinweis | Reglo.ch\" \/>\n<meta property=\"og:description\" content=\"Warnung Die Dokumente und Daten auf der Plattform Reglo enthalten: allgemeine Hinweise zur Bundesgesetzgebung sowie zu Ausf\u00fchrungsgesetzen und Bestimmungen auf kantonaler Ebene; praktische Tipps zu allt\u00e4glichen Fragen im Zusammenhang mit den behandelten Themen; ein Adressen- und Ressourcenverzeichnis. Die Plattform Reglo ist allgemein gehalten und erhebt keinen Anspruch auf Vollst\u00e4ndigkeit. Sie kann und soll eine pers\u00f6nliche [&hellip;]\" \/>\n<meta property=\"og:url\" content=\"https:\/\/reglo.ch\/de\/hinweis\/\" \/>\n<meta property=\"og:site_name\" content=\"Reglo.ch\" \/>\n<meta property=\"article:modified_time\" content=\"2023-08-18T08:27:01+00:00\" \/>\n<meta property=\"og:image\" content=\"https:\/\/reglo.ch\/wp-content\/uploads\/2023\/06\/reglo-main.jpg\" \/>\n\t<meta property=\"og:image:width\" content=\"2560\" \/>\n\t<meta property=\"og:image:height\" content=\"1440\" \/>\n\t<meta property=\"og:image:type\" content=\"image\/jpeg\" \/>\n<meta name=\"twitter:card\" content=\"summary_large_image\" \/>\n<meta name=\"twitter:label1\" content=\"Gesch\u00e4tzte Lesezeit\" \/>\n\t<meta name=\"twitter:data1\" content=\"1\u00a0Minute\" \/>\n<script type=\"application\/ld+json\" class=\"yoast-schema-graph\">{\"@context\":\"https:\\\/\\\/schema.org\",\"@graph\":[{\"@type\":\"WebPage\",\"@id\":\"https:\\\/\\\/reglo.ch\\\/de\\\/hinweis\\\/\",\"url\":\"https:\\\/\\\/reglo.ch\\\/de\\\/hinweis\\\/\",\"name\":\"Hinweis | Reglo.ch\",\"isPartOf\":{\"@id\":\"https:\\\/\\\/reglo.ch\\\/de\\\/#website\"},\"datePublished\":\"2023-07-04T07:27:39+00:00\",\"dateModified\":\"2023-08-18T08:27:01+00:00\",\"breadcrumb\":{\"@id\":\"https:\\\/\\\/reglo.ch\\\/de\\\/hinweis\\\/#breadcrumb\"},\"inLanguage\":\"de\",\"potentialAction\":[{\"@type\":\"ReadAction\",\"target\":[\"https:\\\/\\\/reglo.ch\\\/de\\\/hinweis\\\/\"]}]},{\"@type\":\"BreadcrumbList\",\"@id\":\"https:\\\/\\\/reglo.ch\\\/de\\\/hinweis\\\/#breadcrumb\",\"itemListElement\":[{\"@type\":\"ListItem\",\"position\":1,\"name\":\"\ud83c\udfe0\",\"item\":\"https:\\\/\\\/reglo.ch\\\/de\\\/\"},{\"@type\":\"ListItem\",\"position\":2,\"name\":\"Hinweis\"}]},{\"@type\":\"WebSite\",\"@id\":\"https:\\\/\\\/reglo.ch\\\/de\\\/#website\",\"url\":\"https:\\\/\\\/reglo.ch\\\/de\\\/\",\"name\":\"Reglo.ch\",\"description\":\"Tes droits, tes devoirs\",\"potentialAction\":[{\"@type\":\"SearchAction\",\"target\":{\"@type\":\"EntryPoint\",\"urlTemplate\":\"https:\\\/\\\/reglo.ch\\\/de\\\/?s={search_term_string}\"},\"query-input\":{\"@type\":\"PropertyValueSpecification\",\"valueRequired\":true,\"valueName\":\"search_term_string\"}}],\"inLanguage\":\"de\"}]}<\/script>\n<!-- \/ Yoast SEO plugin. -->","yoast_head_json":{"title":"Hinweis | Reglo.ch","robots":{"index":"index","follow":"follow","max-snippet":"max-snippet:-1","max-image-preview":"max-image-preview:large","max-video-preview":"max-video-preview:-1"},"canonical":"https:\/\/reglo.ch\/de\/hinweis\/","og_locale":"de_DE","og_type":"article","og_title":"Hinweis | Reglo.ch","og_description":"Warnung Die Dokumente und Daten auf der Plattform Reglo enthalten: allgemeine Hinweise zur Bundesgesetzgebung sowie zu Ausf\u00fchrungsgesetzen und Bestimmungen auf kantonaler Ebene; praktische Tipps zu allt\u00e4glichen Fragen im Zusammenhang mit den behandelten Themen; ein Adressen- und Ressourcenverzeichnis. Die Plattform Reglo ist allgemein gehalten und erhebt keinen Anspruch auf Vollst\u00e4ndigkeit. Sie kann und soll eine pers\u00f6nliche [&hellip;]","og_url":"https:\/\/reglo.ch\/de\/hinweis\/","og_site_name":"Reglo.ch","article_modified_time":"2023-08-18T08:27:01+00:00","og_image":[{"width":2560,"height":1440,"url":"https:\/\/reglo.ch\/wp-content\/uploads\/2023\/06\/reglo-main.jpg","type":"image\/jpeg"}],"twitter_card":"summary_large_image","twitter_misc":{"Gesch\u00e4tzte Lesezeit":"1\u00a0Minute"},"schema":{"@context":"https:\/\/schema.org","@graph":[{"@type":"WebPage","@id":"https:\/\/reglo.ch\/de\/hinweis\/","url":"https:\/\/reglo.ch\/de\/hinweis\/","name":"Hinweis | Reglo.ch","isPartOf":{"@id":"https:\/\/reglo.ch\/de\/#website"},"datePublished":"2023-07-04T07:27:39+00:00","dateModified":"2023-08-18T08:27:01+00:00","breadcrumb":{"@id":"https:\/\/reglo.ch\/de\/hinweis\/#breadcrumb"},"inLanguage":"de","potentialAction":[{"@type":"ReadAction","target":["https:\/\/reglo.ch\/de\/hinweis\/"]}]},{"@type":"BreadcrumbList","@id":"https:\/\/reglo.ch\/de\/hinweis\/#breadcrumb","itemListElement":[{"@type":"ListItem","position":1,"name":"\ud83c\udfe0","item":"https:\/\/reglo.ch\/de\/"},{"@type":"ListItem","position":2,"name":"Hinweis"}]},{"@type":"WebSite","@id":"https:\/\/reglo.ch\/de\/#website","url":"https:\/\/reglo.ch\/de\/","name":"Reglo.ch","description":"Tes droits, tes devoirs","potentialAction":[{"@type":"SearchAction","target":{"@type":"EntryPoint","urlTemplate":"https:\/\/reglo.ch\/de\/?s={search_term_string}"},"query-input":{"@type":"PropertyValueSpecification","valueRequired":true,"valueName":"search_term_string"}}],"inLanguage":"de"}]}},"_links":{"self":[{"href":"https:\/\/reglo.ch\/de\/wp-json\/wp\/v2\/pages\/1906","targetHints":{"allow":["GET"]}}],"collection":[{"href":"https:\/\/reglo.ch\/de\/wp-json\/wp\/v2\/pages"}],"about":[{"href":"https:\/\/reglo.ch\/de\/wp-json\/wp\/v2\/types\/page"}],"author":[{"embeddable":true,"href":"https:\/\/reglo.ch\/de\/wp-json\/wp\/v2\/users\/1"}],"replies":[{"embeddable":true,"href":"https:\/\/reglo.ch\/de\/wp-json\/wp\/v2\/comments?post=1906"}],"version-history":[{"count":7,"href":"https:\/\/reglo.ch\/de\/wp-json\/wp\/v2\/pages\/1906\/revisions"}],"predecessor-version":[{"id":2774,"href":"https:\/\/reglo.ch\/de\/wp-json\/wp\/v2\/pages\/1906\/revisions\/2774"}],"wp:attachment":[{"href":"https:\/\/reglo.ch\/de\/wp-json\/wp\/v2\/media?parent=1906"}],"curies":[{"name":"wp","href":"https:\/\/api.w.org\/{rel}","templated":true}]}}